{"id":3,"date":"2025-11-04T23:36:42","date_gmt":"2025-11-04T23:36:42","guid":{"rendered":"http:\/\/unpointcesttout.ovh\/?page_id=3"},"modified":"2025-12-18T02:08:52","modified_gmt":"2025-12-18T01:08:52","slug":"privacy-policy","status":"publish","type":"page","link":"https:\/\/www.unpointcesttout.ovh\/index.php\/privacy-policy\/","title":{"rendered":"Mentions L\u00e9gales"},"content":{"rendered":"\n<p><strong>\u00c9diteur du site<\/strong><\/p>\n\n\n\n<p>Le site https:\/\/www.unpointcesttout.ovh est \u00e9dit\u00e9 et g\u00e9r\u00e9 par M. J\u00e9r\u00f4me BLOCH, enseignant et coordinateur du journal scolaire \u00ab Un point c\u2019est tout ! \u00bb.<\/p>\n\n\n\n<p><strong>Objet du site<\/strong><\/p>\n\n\n\n<p>Le site https:\/\/www.unpointcesttout.ovh a pour objet de :<\/p>\n\n\n\n<ul class=\"wp-block-list\">\n<li>publier les num\u00e9ros du journal de classe \u00ab Un point c\u2019est tout ! \u00bb au format num\u00e9rique ;<\/li>\n\n\n\n<li>h\u00e9berger et diffuser des contenus audio (audio-descriptions et podcasts) r\u00e9alis\u00e9s par les \u00e9l\u00e8ves volontaires, dans le cadre p\u00e9dagogique du projet ;<\/li>\n\n\n\n<li>permettre l\u2019acc\u00e8s libre aux \u00e9ditions num\u00e9riques du journal, aux podcasts et aux audio-descriptions.<\/li>\n<\/ul>\n\n\n\n<p><\/p>\n\n\n\n<p><strong>Utilisation des images et des voix des \u00e9l\u00e8ves<\/strong><\/p>\n\n\n\n<p>Les \u00e9l\u00e8ves volontaires peuvent appara\u00eetre sur des photographies publi\u00e9es dans le journal \u00ab Un point c\u2019est tout ! \u00bb, distribu\u00e9 :<\/p>\n\n\n\n<ul class=\"wp-block-list\">\n<li>sur support papier au sein de l\u2019\u00e9tablissement (un num\u00e9ro par \u00e9l\u00e8ve + une cinquantaine de num\u00e9ros en acc\u00e8s libre dans le hall d\u2019entr\u00e9e de l\u2019\u00e9cole \u00e9l\u00e9mentaire Luxembourg) ;<\/li>\n\n\n\n<li>sur le site https:\/\/www.unpointcesttout.ovh et \u00e9ventuellement sur d\u2019autres supports num\u00e9riques li\u00e9s au projet.<\/li>\n<\/ul>\n\n\n\n<p>Les \u00e9l\u00e8ves volontaires peuvent appara\u00eetre sur des fichiers audio publi\u00e9s sur le site :<\/p>\n\n\n\n<ul class=\"wp-block-list\">\n<li>lecture en audio-description des num\u00e9ros ;<\/li>\n\n\n\n<li>podcasts li\u00e9s au journal \u00ab Un point c\u2019est tout ! \u00bb.<\/li>\n<\/ul>\n\n\n\n<p><\/p>\n\n\n\n<p><strong>H\u00e9bergement du site<\/strong><\/p>\n\n\n\n<p>Le site est h\u00e9berg\u00e9 par la soci\u00e9t\u00e9 OVH <br>OVH SAS<br>2 Rue Kellermann<br>59100 Roubaix<br>France<\/p>\n\n\n\n<p><\/p>\n\n\n\n<p><strong>Propri\u00e9t\u00e9 intellectuelle<\/strong><\/p>\n\n\n\n<p>L\u2019ensemble des contenus (textes, images, audio) publi\u00e9s sur le site https:\/\/www.unpointcesttout.ovh est la propri\u00e9t\u00e9 de l&rsquo;\u00e9cole \u00e9l\u00e9mentaire Luxembourg, de M. J\u00e9r\u00f4me Bloch et des \u00e9l\u00e8ves participants, sauf mention contraire. Toute reproduction ou utilisation non autoris\u00e9e est interdite.<\/p>\n\n\n\n<p><\/p>\n\n\n\n<p><strong>Protection des donn\u00e9es personnelles<\/strong><\/p>\n\n\n\n<p>Les donn\u00e9es personnelles collect\u00e9es (voix, images) le sont uniquement dans le cadre p\u00e9dagogique du projet et avec l\u2019accord des \u00e9l\u00e8ves volontaires et de leurs responsables l\u00e9gaux. Ces donn\u00e9es ne sont pas utilis\u00e9es \u00e0 des fins commerciales.<\/p>\n\n\n\n<p><\/p>\n\n\n\n<p><strong>Contact<\/strong><\/p>\n\n\n\n<p>M. J\u00e9r\u00f4me Bloch &#8211; <a href=\"mailto:jerome.bloch@ac-creteil.fr\">jerome.bloch@ac-creteil.fr<\/a><\/p>\n\n\n\n<p><\/p>\n","protected":false},"excerpt":{"rendered":"<p>\u00c9diteur du site Le site https:\/\/www.unpointcesttout.ovh est \u00e9dit\u00e9 et g\u00e9r\u00e9 par M. J\u00e9r\u00f4me BLOCH, enseignant et coordinateur du journal scolaire \u00ab Un point c\u2019est tout ! \u00bb. Objet du site Le site https:\/\/www.unpointcesttout.ovh a pour objet de : Utilisation des images et des voix des \u00e9l\u00e8ves Les \u00e9l\u00e8ves volontaires peuvent appara\u00eetre sur des photographies publi\u00e9es&#8230;<\/p>\n","protected":false},"author":1,"featured_media":0,"parent":0,"menu_order":0,"comment_status":"closed","ping_status":"open","template":"","meta":{"_acf_changed":false,"_uag_custom_page_level_css":"","episode_type":"","audio_file":"","podmotor_file_id":"","podmotor_episode_id":"","cover_image":"","cover_image_id":"","duration":"","filesize":"","filesize_raw":"","date_recorded":"","explicit":"","block":"","itunes_episode_number":"","itunes_title":"","itunes_season_number":"","itunes_episode_type":"","_kadence_starter_templates_imported_post":false,"_kad_post_transparent":"default","_kad_post_title":"default","_kad_post_layout":"default","_kad_post_sidebar_id":"","_kad_post_content_style":"unboxed","_kad_post_vertical_padding":"","_kad_post_feature":"","_kad_post_feature_position":"","_kad_post_header":false,"_kad_post_footer":false,"_kad_post_classname":"","footnotes":""},"class_list":["post-3","page","type-page","status-publish","hentry"],"acf":[],"uagb_featured_image_src":{"full":false,"thumbnail":false,"medium":false,"medium_large":false,"large":false,"1536x1536":false,"2048x2048":false},"uagb_author_info":{"display_name":"admin7272","author_link":"https:\/\/www.unpointcesttout.ovh\/index.php\/author\/admin7272\/"},"uagb_comment_info":0,"uagb_excerpt":"\u00c9diteur du site Le site https:\/\/www.unpointcesttout.ovh est \u00e9dit\u00e9 et g\u00e9r\u00e9 par M. J\u00e9r\u00f4me BLOCH, enseignant et coordinateur du journal scolaire \u00ab Un point c\u2019est tout ! \u00bb. Objet du site Le site https:\/\/www.unpointcesttout.ovh a pour objet de : Utilisation des images et des voix des \u00e9l\u00e8ves Les \u00e9l\u00e8ves volontaires peuvent appara\u00eetre sur des photographies publi\u00e9es...","_links":{"self":[{"href":"https:\/\/www.unpointcesttout.ovh\/index.php\/wp-json\/wp\/v2\/pages\/3","targetHints":{"allow":["GET"]}}],"collection":[{"href":"https:\/\/www.unpointcesttout.ovh\/index.php\/wp-json\/wp\/v2\/pages"}],"about":[{"href":"https:\/\/www.unpointcesttout.ovh\/index.php\/wp-json\/wp\/v2\/types\/page"}],"author":[{"embeddable":true,"href":"https:\/\/www.unpointcesttout.ovh\/index.php\/wp-json\/wp\/v2\/users\/1"}],"replies":[{"embeddable":true,"href":"https:\/\/www.unpointcesttout.ovh\/index.php\/wp-json\/wp\/v2\/comments?post=3"}],"version-history":[{"count":9,"href":"https:\/\/www.unpointcesttout.ovh\/index.php\/wp-json\/wp\/v2\/pages\/3\/revisions"}],"predecessor-version":[{"id":95,"href":"https:\/\/www.unpointcesttout.ovh\/index.php\/wp-json\/wp\/v2\/pages\/3\/revisions\/95"}],"wp:attachment":[{"href":"https:\/\/www.unpointcesttout.ovh\/index.php\/wp-json\/wp\/v2\/media?parent=3"}],"curies":[{"name":"wp","href":"https:\/\/api.w.org\/{rel}","templated":true}]}}