{"id":72,"date":"2025-12-18T01:33:36","date_gmt":"2025-12-18T00:33:36","guid":{"rendered":"https:\/\/www.unpointcesttout.ovh\/?page_id=72"},"modified":"2025-12-18T02:09:42","modified_gmt":"2025-12-18T01:09:42","slug":"ecrivez-nous","status":"publish","type":"page","link":"https:\/\/www.unpointcesttout.ovh\/index.php\/ecrivez-nous\/","title":{"rendered":"\u00c9crivez-nous"},"content":{"rendered":"\n<p>Vous souhaitez \u00e9crire aux \u00e9l\u00e8ves-journalistes et appara\u00eetre dans le courrier des lectrices\/lecteurs ? C&rsquo;est ici que \u00e7a se passe !<\/p>\n\n\n\n<div class=\"wp-block-uagb-forms uagb-forms__outer-wrap uagb-block-649aaa01 uagb-forms__medium-btn\"><form class=\"uagb-forms-main-form\" method=\"post\" autocomplete=\"on\" name=\"uagb-form-649aaa01\">\n<div class=\"wp-block-uagb-forms-name uagb-forms-name-wrap uagb-forms-field-set uagb-block-fb53ae90\"><div class=\"uagb-forms-name-label required uagb-forms-input-label\" id=\"fb53ae90\">Pr\u00e9nom<\/div><input type=\"text\" placeholder=\"John\" required class=\"uagb-forms-name-input uagb-forms-input\" name=\"fb53ae90\" autocomplete=\"given-name\"\/><\/div>\n\n\n\n<div class=\"wp-block-uagb-forms-name uagb-forms-name-wrap uagb-forms-field-set uagb-block-55bee08d\"><div class=\"uagb-forms-name-label required uagb-forms-input-label\" id=\"55bee08d\">Nom<\/div><input type=\"text\" placeholder=\"Doe\" required class=\"uagb-forms-name-input uagb-forms-input\" name=\"55bee08d\" autocomplete=\"family-name\"\/><\/div>\n\n\n\n<div class=\"wp-block-uagb-forms-email uagb-forms-email-wrap uagb-forms-field-set uagb-block-79f60271\"><div class=\"uagb-forms-email-label  uagb-forms-input-label\" id=\"79f60271\">Adresse e-mail<\/div><input type=\"email\" class=\"uagb-forms-email-input uagb-forms-input\" placeholder=\"example@mail.com\" name=\"79f60271\" autocomplete=\"email\"\/><\/div>\n\n\n\n<div class=\"wp-block-uagb-forms-textarea uagb-forms-textarea-wrap uagb-forms-field-set uagb-block-7b60e59e\"><div class=\"uagb-forms-textarea-label required uagb-forms-input-label\" id=\"7b60e59e\">Message<\/div><textarea required class=\"uagb-forms-textarea-input uagb-forms-input\" rows=\"4\" placeholder=\"Enter your message\" name=\"7b60e59e\" autocomplete=\"off\"><\/textarea><\/div>\n<div class=\"uagb-forms-form-hidden-data\"><input type=\"hidden\" class=\"uagb_forms_form_label\" value=\"Spectra Form\"\/><input type=\"hidden\" class=\"uagb_forms_form_id\" value=\"uagb-form-649aaa01\"\/><\/div><div class=\"uagb-form-reacaptcha-error-649aaa01\"><\/div><div class=\"uagb-forms-main-submit-button-wrap wp-block-button\"><button class=\"uagb-forms-main-submit-button wp-block-button__link\"><div class=\"uagb-forms-main-submit-button-text\">Submit<\/div><\/button><\/div><\/form><div class=\"uagb-forms-success-message-649aaa01 uagb-forms-submit-message-hide\"><span>The form has been submitted successfully!<\/span><\/div><div class=\"uagb-forms-failed-message-649aaa01 uagb-forms-submit-message-hide\"><span>There has been some error while submitting the form. Please verify all form fields again.<\/span><\/div><\/div>\n\n\n\n<p><\/p>\n","protected":false},"excerpt":{"rendered":"<p>Vous souhaitez \u00e9crire aux \u00e9l\u00e8ves-journalistes et appara\u00eetre dans le courrier des lectrices\/lecteurs ? C&rsquo;est ici que \u00e7a se passe !<\/p>\n","protected":false},"author":1,"featured_media":0,"parent":0,"menu_order":0,"comment_status":"closed","ping_status":"closed","template":"","meta":{"_acf_changed":false,"_uag_custom_page_level_css":"","episode_type":"","audio_file":"","podmotor_file_id":"","podmotor_episode_id":"","cover_image":"","cover_image_id":"","duration":"","filesize":"","filesize_raw":"","date_recorded":"","explicit":"","block":"","itunes_episode_number":"","itunes_title":"","itunes_season_number":"","itunes_episode_type":"","_kadence_starter_templates_imported_post":false,"_kad_post_transparent":"","_kad_post_title":"","_kad_post_layout":"","_kad_post_sidebar_id":"","_kad_post_content_style":"unboxed","_kad_post_vertical_padding":"","_kad_post_feature":"","_kad_post_feature_position":"","_kad_post_header":false,"_kad_post_footer":false,"_kad_post_classname":"","footnotes":""},"class_list":["post-72","page","type-page","status-publish","hentry"],"acf":[],"uagb_featured_image_src":{"full":false,"thumbnail":false,"medium":false,"medium_large":false,"large":false,"1536x1536":false,"2048x2048":false},"uagb_author_info":{"display_name":"admin7272","author_link":"https:\/\/www.unpointcesttout.ovh\/index.php\/author\/admin7272\/"},"uagb_comment_info":0,"uagb_excerpt":"Vous souhaitez \u00e9crire aux \u00e9l\u00e8ves-journalistes et appara\u00eetre dans le courrier des lectrices\/lecteurs ? C&rsquo;est ici que \u00e7a se passe !","_links":{"self":[{"href":"https:\/\/www.unpointcesttout.ovh\/index.php\/wp-json\/wp\/v2\/pages\/72","targetHints":{"allow":["GET"]}}],"collection":[{"href":"https:\/\/www.unpointcesttout.ovh\/index.php\/wp-json\/wp\/v2\/pages"}],"about":[{"href":"https:\/\/www.unpointcesttout.ovh\/index.php\/wp-json\/wp\/v2\/types\/page"}],"author":[{"embeddable":true,"href":"https:\/\/www.unpointcesttout.ovh\/index.php\/wp-json\/wp\/v2\/users\/1"}],"replies":[{"embeddable":true,"href":"https:\/\/www.unpointcesttout.ovh\/index.php\/wp-json\/wp\/v2\/comments?post=72"}],"version-history":[{"count":3,"href":"https:\/\/www.unpointcesttout.ovh\/index.php\/wp-json\/wp\/v2\/pages\/72\/revisions"}],"predecessor-version":[{"id":98,"href":"https:\/\/www.unpointcesttout.ovh\/index.php\/wp-json\/wp\/v2\/pages\/72\/revisions\/98"}],"wp:attachment":[{"href":"https:\/\/www.unpointcesttout.ovh\/index.php\/wp-json\/wp\/v2\/media?parent=72"}],"curies":[{"name":"wp","href":"https:\/\/api.w.org\/{rel}","templated":true}]}}